{"id":4255,"date":"2019-02-17T13:36:44","date_gmt":"2019-02-17T11:36:44","guid":{"rendered":"http:\/\/mertensdewilmars.be\/chronique\/?page_id=4255"},"modified":"2024-10-27T17:38:52","modified_gmt":"2024-10-27T16:38:52","slug":"les-etiquettes-de-biere","status":"publish","type":"page","link":"https:\/\/mertensdewilmars.be\/index.php\/les-etiquettes-de-biere\/","title":{"rendered":"Les \u00e9tiquettes de bi\u00e8re"},"content":{"rendered":"\n<p>Quelques \u00e9tiquettes de bi\u00e8res brass\u00e9e par la famille Mertens.<\/p>\n\n\n\n<figure class=\"wp-block-image size-large\"><img decoding=\"async\" src=\"http:\/\/mertensdewilmars.be\/wp-content\/uploads\/2019\/02\/OudKruibeke.jpg\" alt=\"\" class=\"wp-image-4236\"\/><figcaption class=\"wp-element-caption\">Oud Kruibeke<\/figcaption><\/figure>\n\n\n\n<figure class=\"wp-block-image size-large is-resized\"><img decoding=\"async\" src=\"http:\/\/mertensdewilmars.be\/wp-content\/uploads\/2019\/02\/559_001-1024x549.jpg\" alt=\"\" class=\"wp-image-4262\" style=\"width:457px;height:auto\"\/><figcaption class=\"wp-element-caption\">Prins Brau<\/figcaption><\/figure>\n\n\n\n<figure class=\"wp-block-image size-large\"><img decoding=\"async\" src=\"http:\/\/mertensdewilmars.be\/wp-content\/uploads\/2019\/02\/Monopils.jpg\" alt=\"\" class=\"wp-image-4246\"\/><figcaption class=\"wp-element-caption\">Sous-verre Mono-Pils<\/figcaption><\/figure>\n\n\n\n<figure class=\"wp-block-image size-large\"><img decoding=\"async\" src=\"http:\/\/mertensdewilmars.be\/wp-content\/uploads\/2019\/02\/Etiquettes.png\" alt=\"\" class=\"wp-image-4237\"\/><\/figure>\n","protected":false},"excerpt":{"rendered":"<p>Quelques \u00e9tiquettes de bi\u00e8res brass\u00e9e par la famille Mertens.<\/p>\n","protected":false},"author":2,"featured_media":0,"parent":0,"menu_order":0,"comment_status":"closed","ping_status":"closed","template":"","meta":{"footnotes":""},"class_list":["post-4255","page","type-page","status-publish"],"_links":{"self":[{"href":"https:\/\/mertensdewilmars.be\/index.php\/wp-json\/wp\/v2\/pages\/4255","targetHints":{"allow":["GET"]}}],"collection":[{"href":"https:\/\/mertensdewilmars.be\/index.php\/wp-json\/wp\/v2\/pages"}],"about":[{"href":"https:\/\/mertensdewilmars.be\/index.php\/wp-json\/wp\/v2\/types\/page"}],"author":[{"embeddable":true,"href":"https:\/\/mertensdewilmars.be\/index.php\/wp-json\/wp\/v2\/users\/2"}],"replies":[{"embeddable":true,"href":"https:\/\/mertensdewilmars.be\/index.php\/wp-json\/wp\/v2\/comments?post=4255"}],"version-history":[{"count":2,"href":"https:\/\/mertensdewilmars.be\/index.php\/wp-json\/wp\/v2\/pages\/4255\/revisions"}],"predecessor-version":[{"id":4745,"href":"https:\/\/mertensdewilmars.be\/index.php\/wp-json\/wp\/v2\/pages\/4255\/revisions\/4745"}],"wp:attachment":[{"href":"https:\/\/mertensdewilmars.be\/index.php\/wp-json\/wp\/v2\/media?parent=4255"}],"curies":[{"name":"wp","href":"https:\/\/api.w.org\/{rel}","templated":true}]}}