{"id":4238,"date":"2019-02-17T12:34:19","date_gmt":"2019-02-17T10:34:19","guid":{"rendered":"http:\/\/mertensdewilmars.be\/chronique\/?page_id=4238"},"modified":"2024-04-02T16:25:36","modified_gmt":"2024-04-02T14:25:36","slug":"les-brasseries","status":"publish","type":"page","link":"https:\/\/mertensdewilmars.be\/index.php\/les-brasseries\/","title":{"rendered":"Les Brasseries"},"content":{"rendered":"\n<p>Les Mertens cr\u00e9ent une premi\u00e8re brasserie \u00e0 Boom au d\u00e9but du XIX\u00e8me si\u00e8cle. En 1848, Fran\u00e7ois-Charles, suite \u00e0 quelques dissensions sur la gestion de la brasserie avec son p\u00e8re, quitte Boom et s&rsquo;\u00e9tablit \u00e0 Kruibeke o\u00f9 il rach\u00e8te une petit brasserie \u00ab\u00a0<em>De Sonne<\/em>\u00a0\u00bb (\u00ab\u00a0Le Soleil\u00a0\u00bb d&rsquo;o\u00f9 le logo).<\/p>\n\n\n\n<p>Lire aussi le petit article sur les&nbsp;<a href=\"https:\/\/mertensdewilmars.be\/index.php\/2014\/08\/06\/des-brasseurs\/\">brasseries li\u00e9es \u00e0 la famille<\/a>.<\/p>\n\n\n\n<p><!-- [gkit id=1] --><\/p>\n\n\n\n<p><\/p>\n","protected":false},"excerpt":{"rendered":"<p>Les Mertens cr\u00e9ent une premi\u00e8re brasserie \u00e0 Boom au d\u00e9but du XIX\u00e8me si\u00e8cle. En 1848, Fran\u00e7ois-Charles, suite \u00e0 quelques dissensions sur la gestion de la brasserie avec son p\u00e8re, quitte Boom et s&rsquo;\u00e9tablit \u00e0 Kruibeke o\u00f9 il rach\u00e8te une petit brasserie \u00ab\u00a0De Sonne\u00a0\u00bb (\u00ab\u00a0Le Soleil\u00a0\u00bb d&rsquo;o\u00f9 le logo). Lire aussi le petit article sur les&nbsp;brasseries &#8230; <a title=\"Les Brasseries\" class=\"read-more\" href=\"https:\/\/mertensdewilmars.be\/index.php\/les-brasseries\/\" aria-label=\"En savoir plus sur Les Brasseries\">Lire la suite<\/a><\/p>\n","protected":false},"author":2,"featured_media":0,"parent":0,"menu_order":0,"comment_status":"closed","ping_status":"closed","template":"","meta":{"footnotes":""},"class_list":["post-4238","page","type-page","status-publish"],"_links":{"self":[{"href":"https:\/\/mertensdewilmars.be\/index.php\/wp-json\/wp\/v2\/pages\/4238","targetHints":{"allow":["GET"]}}],"collection":[{"href":"https:\/\/mertensdewilmars.be\/index.php\/wp-json\/wp\/v2\/pages"}],"about":[{"href":"https:\/\/mertensdewilmars.be\/index.php\/wp-json\/wp\/v2\/types\/page"}],"author":[{"embeddable":true,"href":"https:\/\/mertensdewilmars.be\/index.php\/wp-json\/wp\/v2\/users\/2"}],"replies":[{"embeddable":true,"href":"https:\/\/mertensdewilmars.be\/index.php\/wp-json\/wp\/v2\/comments?post=4238"}],"version-history":[{"count":2,"href":"https:\/\/mertensdewilmars.be\/index.php\/wp-json\/wp\/v2\/pages\/4238\/revisions"}],"predecessor-version":[{"id":4736,"href":"https:\/\/mertensdewilmars.be\/index.php\/wp-json\/wp\/v2\/pages\/4238\/revisions\/4736"}],"wp:attachment":[{"href":"https:\/\/mertensdewilmars.be\/index.php\/wp-json\/wp\/v2\/media?parent=4238"}],"curies":[{"name":"wp","href":"https:\/\/api.w.org\/{rel}","templated":true}]}}