{"id":4230,"date":"2019-02-12T19:03:36","date_gmt":"2019-02-12T17:03:36","guid":{"rendered":"http:\/\/mertensdewilmars.be\/chronique\/?page_id=4230"},"modified":"2025-01-27T07:50:58","modified_gmt":"2025-01-27T06:50:58","slug":"association-familialemertens-de-wilmars","status":"publish","type":"page","link":"https:\/\/mertensdewilmars.be\/index.php\/association-familialemertens-de-wilmars\/","title":{"rendered":"Association familiale\u00a0\u00bbMertens de Wilmars\u00a0\u00bb"},"content":{"rendered":"\n<p><strong>Statuts<\/strong> (<em>extraits des statuts sign\u00e9s \u00e0 Anvers le 8 juillet 1995 &#8211; version compl\u00e8te dans la partie r\u00e9serv\u00e9e aux membres<\/em>)<\/p>\n\n\n\n<p>\tLes soussign\u00e9s:<\/p>\n\n\n\n<ol class=\"wp-block-list\">\n<li>Baron Mertens de Wilmars<\/li>\n\n\n\n<li>Jean Mertens de Wilmars<\/li>\n\n\n\n<li>Armand Mertens de Wilmars<\/li>\n\n\n\n<li>Paul Mertens de Wilmars<\/li>\n\n\n\n<li>Jean-Marie Mertens de Wilmars<\/li>\n\n\n\n<li>R\u00e9gine Mertens de Wilmars \u00e9pouse de Daniel Stevens<\/li>\n\n\n\n<li>Beno\u00eet Mertens de Wilmars<\/li>\n\n\n\n<li>Didier Mertens de Wilmars<\/li>\n<\/ol>\n\n\n\n<p>ont convenu de constituer entre eux et ceux qui en deviendront\nult\u00e9rieurement membres, une association de fait dont ils ont \u00e9tabli les\nstatuts comme suit:<\/p>\n\n\n\n<p><strong>Titre I : D\u00e9nomination, si\u00e8ge, dur\u00e9e et objet<\/strong><\/p>\n\n\n\n<p>1. L&rsquo;association est familiale et porte la d\u00e9nomination\n\u00ab\u00a0Association familiale Mertens de Wilmars\u00a0\u00bb, en n\u00e9\u00e9rlandais\n\u00ab\u00a0Familievereniging Mertens de Wilmars\u00a0\u00bb.<\/p>\n\n\n\n<p>2. [&#8230;]<\/p>\n\n\n\n<p>3. L&rsquo;association est constitu\u00e9e pour une dur\u00e9e illimit\u00e9e. Elle peut en tout temps \u00eatre dissoute par d\u00e9cision de l&rsquo;assembl\u00e9e g\u00e9n\u00e9rale.<\/p>\n\n\n\n<p>4. L&rsquo;association a pour objet :<\/p>\n\n\n\n<ol class=\"wp-block-list\">\n<li>de maintenir et de resserrer les liens entre les membres et les<br>branches de la famille Mertens de Wilmars et de favoriser la solidarit\u00e9<br>familiale;<\/li>\n\n\n\n<li>de rechercher, prot\u00e9ger, acqu\u00e9rir et conserver toutes archives,<br>tous documents, objets se rapportant ou int\u00e9ressant de fa\u00e7on quelconque<br>l&rsquo;association, la famille, ou son histoire;<\/li>\n\n\n\n<li>d&rsquo;\u00e9tudier, de publier ou de favoriser toutes \u00e9tudes, recherches<br>ou publication qu&rsquo;elle estimerait pouvoir \u00eatre utile \u00e0 la famille;<\/li>\n\n\n\n<li>de veiller \u00e0 l&rsquo;entretien et \u00e0 la conservation de la s\u00e9pulture de Charles Mertens (1825-1901) \u00e0 Kruibeke.<\/li>\n<\/ol>\n\n\n\n<p>[&#8230;]<\/p>\n","protected":false},"excerpt":{"rendered":"<p>Statuts (extraits des statuts sign\u00e9s \u00e0 Anvers le 8 juillet 1995 &#8211; version compl\u00e8te dans la partie r\u00e9serv\u00e9e aux membres) Les soussign\u00e9s: ont convenu de constituer entre eux et ceux qui en deviendront ult\u00e9rieurement membres, une association de fait dont ils ont \u00e9tabli les statuts comme suit: Titre I : D\u00e9nomination, si\u00e8ge, dur\u00e9e et objet &#8230; <a title=\"Association familiale\u00a0\u00bbMertens de Wilmars\u00a0\u00bb\" class=\"read-more\" href=\"https:\/\/mertensdewilmars.be\/index.php\/association-familialemertens-de-wilmars\/\" aria-label=\"En savoir plus sur Association familiale\u00a0\u00bbMertens de Wilmars\u00a0\u00bb\">Lire la suite<\/a><\/p>\n","protected":false},"author":2,"featured_media":0,"parent":0,"menu_order":0,"comment_status":"closed","ping_status":"closed","template":"","meta":{"footnotes":""},"class_list":["post-4230","page","type-page","status-publish"],"_links":{"self":[{"href":"https:\/\/mertensdewilmars.be\/index.php\/wp-json\/wp\/v2\/pages\/4230","targetHints":{"allow":["GET"]}}],"collection":[{"href":"https:\/\/mertensdewilmars.be\/index.php\/wp-json\/wp\/v2\/pages"}],"about":[{"href":"https:\/\/mertensdewilmars.be\/index.php\/wp-json\/wp\/v2\/types\/page"}],"author":[{"embeddable":true,"href":"https:\/\/mertensdewilmars.be\/index.php\/wp-json\/wp\/v2\/users\/2"}],"replies":[{"embeddable":true,"href":"https:\/\/mertensdewilmars.be\/index.php\/wp-json\/wp\/v2\/comments?post=4230"}],"version-history":[{"count":2,"href":"https:\/\/mertensdewilmars.be\/index.php\/wp-json\/wp\/v2\/pages\/4230\/revisions"}],"predecessor-version":[{"id":4771,"href":"https:\/\/mertensdewilmars.be\/index.php\/wp-json\/wp\/v2\/pages\/4230\/revisions\/4771"}],"wp:attachment":[{"href":"https:\/\/mertensdewilmars.be\/index.php\/wp-json\/wp\/v2\/media?parent=4230"}],"curies":[{"name":"wp","href":"https:\/\/api.w.org\/{rel}","templated":true}]}}