{"id":4195,"date":"2019-02-12T15:49:43","date_gmt":"2019-02-12T13:49:43","guid":{"rendered":"http:\/\/mertensdewilmars.be\/chronique\/?page_id=4195"},"modified":"2024-04-02T16:19:04","modified_gmt":"2024-04-02T14:19:04","slug":"les-photos-de-famille","status":"publish","type":"page","link":"https:\/\/mertensdewilmars.be\/index.php\/les-photos-de-famille\/","title":{"rendered":"Les photos de famille"},"content":{"rendered":"<div class=\"wp-block-image\">\n<figure class=\"alignleft size-full\"><img decoding=\"async\" src=\"http:\/\/mertensdewilmars.be\/wp-content\/uploads\/2019\/02\/Famille-Mertens-Erix.jpg\" alt=\"La famille Mertens-Erix pose sur la terrasse \u00e0 l'arri\u00e8re de la maison familiale \u00e0 Kruibeke avec 12 des 14 enfants.\" class=\"wp-image-4196\"\/><figcaption class=\"wp-element-caption\"> <br>La famille Mertens-Erix pose sur la terrasse \u00e0 l&rsquo;arri\u00e8re de la maison familiale \u00e0 Kruibeke avec 12 des 14 enfants.<br>La photo date de 1895- d\u00e9but 1896.<br>En partant de l&rsquo;arri\u00e8re, de gauche \u00e0 droite:<br>Albert, inconnu (Fran\u00e7ois-Charles, le p\u00e8re de Henri?), Henri, Maria Erix, Adolphe<br>Deuxi\u00e8me rang:<br>Charles avec Marguerite devant lui (la petite en fonc\u00e9), Ida, Victor, Alice, H\u00e9l\u00e8ne, Eug\u00e8ne, Maria, Mathilde et devant la petite Marie-Henriette (tante Mariette). Et donc Joseph (d\u00e9c\u00e9d\u00e9 en 1889) et Antoine, pas encore n\u00e9 n&rsquo;apparaissent pas.<br><\/figcaption><\/figure>\n<\/div>\n\n\n<p> <\/p>\n\n\n<div class=\"wp-block-image\">\n<figure class=\"alignleft size-full\"><img decoding=\"async\" src=\"http:\/\/mertensdewilmars.be\/wp-content\/uploads\/2019\/02\/familyMertens2.jpg\" alt=\"Les enfants Mertens-Erix (12 sur 14) par ordre d'\u00e2ge\" class=\"wp-image-4197\"\/><figcaption class=\"wp-element-caption\">Les enfants Mertens-Erix (12 sur 14) par ordre d&rsquo;\u00e2ge: Maria Jos\u00e8phe, Ida, Adolphe, Albert, Mathilde, Alice, Charles, H\u00e9l\u00e8ne, Victor, Eug\u00e8ne, Marguerite et Mariette.<\/figcaption><\/figure>\n<\/div>\n\n\n<p><\/p>\n\n\n\n<p> <\/p>\n\n\n<div class=\"wp-block-image\">\n<figure class=\"alignleft size-full\"><img decoding=\"async\" src=\"http:\/\/mertensdewilmars.be\/wp-content\/uploads\/2019\/02\/FamilyMertens3.png\" alt=\"Les parents Mertens-Erix, une de leur fille et deux de leurs fils appel\u00e9s lors de la Premi\u00e8re Guerre mondiale (Ils ont eu 6 de leurs 7 fils au front \u00e0 un moment ou \u00e0 un autre dont Charles qui est mort au champ d'honneur \u00e0 la toute fin de la guerre). \" class=\"wp-image-4202\"\/><figcaption class=\"wp-element-caption\">Les parents Mertens-Erix, une de leur fille et deux de leurs fils appel\u00e9s lors de la Premi\u00e8re Guerre mondiale (Ils ont eu 6 de leurs 7 fils au front \u00e0 un moment ou \u00e0 un autre dont Charles qui est mort au champ d&rsquo;honneur \u00e0 la toute fin de la guerre).<\/figcaption><\/figure>\n<\/div>\n\n\n<figure class=\"wp-block-image\"><img decoding=\"async\" src=\"blob:http:\/\/mertensdewilmars.be\/7b378e01-ba0c-4df4-b32a-5514df0422c2\" alt=\"\"\/><\/figure>\n\n\n\n<p><br><\/p>\n\n\n\n<figure class=\"wp-block-image size-large\"><img decoding=\"async\" src=\"http:\/\/mertensdewilmars.be\/wp-content\/uploads\/2020\/12\/img032-1024x754.jpg\" alt=\"\" class=\"wp-image-4428\"\/><figcaption class=\"wp-element-caption\">La famille de Antoine Mertens de Wilmars (de gauche \u00e0 droite, derri\u00e8re: Jean \u00ab\u00a0Bobby\u00a0\u00bb, Genevi\u00e8ve \u00ab\u00a0Ginette\u00a0\u00bb, Michel, Marie-Jeanne \u00ab\u00a0Flon\u00a0\u00bb; en bas: Monique \u00ab\u00a0Doucke\u00a0\u00bb, Madeleine Petit, Anne \u00ab\u00a0Annette\u00a0\u00bb, Antoine I et Antoine II \u00ab\u00a0Toon\u00a0\u00bb.<\/figcaption><\/figure>\n\n\n\n<p><\/p>\n\n\n\n<p><\/p>\n\n\n\n<p><\/p>\n\n\n\n<p><br><\/p>\n","protected":false},"excerpt":{"rendered":"","protected":false},"author":2,"featured_media":0,"parent":0,"menu_order":0,"comment_status":"closed","ping_status":"closed","template":"","meta":{"footnotes":""},"class_list":["post-4195","page","type-page","status-publish"],"_links":{"self":[{"href":"https:\/\/mertensdewilmars.be\/index.php\/wp-json\/wp\/v2\/pages\/4195","targetHints":{"allow":["GET"]}}],"collection":[{"href":"https:\/\/mertensdewilmars.be\/index.php\/wp-json\/wp\/v2\/pages"}],"about":[{"href":"https:\/\/mertensdewilmars.be\/index.php\/wp-json\/wp\/v2\/types\/page"}],"author":[{"embeddable":true,"href":"https:\/\/mertensdewilmars.be\/index.php\/wp-json\/wp\/v2\/users\/2"}],"replies":[{"embeddable":true,"href":"https:\/\/mertensdewilmars.be\/index.php\/wp-json\/wp\/v2\/comments?post=4195"}],"version-history":[{"count":2,"href":"https:\/\/mertensdewilmars.be\/index.php\/wp-json\/wp\/v2\/pages\/4195\/revisions"}],"predecessor-version":[{"id":4730,"href":"https:\/\/mertensdewilmars.be\/index.php\/wp-json\/wp\/v2\/pages\/4195\/revisions\/4730"}],"wp:attachment":[{"href":"https:\/\/mertensdewilmars.be\/index.php\/wp-json\/wp\/v2\/media?parent=4195"}],"curies":[{"name":"wp","href":"https:\/\/api.w.org\/{rel}","templated":true}]}}