{"id":4192,"date":"2019-02-12T15:41:12","date_gmt":"2019-02-12T13:41:12","guid":{"rendered":"http:\/\/mertensdewilmars.be\/chronique\/?page_id=4192"},"modified":"2024-04-02T16:28:43","modified_gmt":"2024-04-02T14:28:43","slug":"petit-musee-virtuel-de-la-famille-mertens-de-wilmars","status":"publish","type":"page","link":"https:\/\/mertensdewilmars.be\/index.php\/petit-musee-virtuel-de-la-famille-mertens-de-wilmars\/","title":{"rendered":"Petit mus\u00e9e virtuel de la Famille Mertens de Wilmars"},"content":{"rendered":"\n<p>Bienvenue sur ce petit mus\u00e9e virtuel de choses et d&rsquo;autres li\u00e9es \u00e0 la famille.<\/p>\n\n\n\n<ul class=\"wp-block-list\"><li><a href=\"https:\/\/mertensdewilmars.be\/index.php\/les-photos-de-famille\/\">Photos de famille<\/a><\/li><li><a href=\"https:\/\/mertensdewilmars.be\/index.php\/les-brasseries\/\">La brasserie<\/a><\/li><li><a href=\"https:\/\/mertensdewilmars.be\/index.php\/les-batiments\/\">Quelques b\u00e2timents<\/a><\/li><li>La politique<\/li><li>Sciences et litt\u00e9rature<\/li><\/ul>\n","protected":false},"excerpt":{"rendered":"<p>Bienvenue sur ce petit mus\u00e9e virtuel de choses et d&rsquo;autres li\u00e9es \u00e0 la famille. Photos de famille La brasserie Quelques b\u00e2timents La politique Sciences et litt\u00e9rature<\/p>\n","protected":false},"author":2,"featured_media":0,"parent":0,"menu_order":0,"comment_status":"closed","ping_status":"closed","template":"","meta":{"footnotes":""},"class_list":["post-4192","page","type-page","status-publish"],"_links":{"self":[{"href":"https:\/\/mertensdewilmars.be\/index.php\/wp-json\/wp\/v2\/pages\/4192","targetHints":{"allow":["GET"]}}],"collection":[{"href":"https:\/\/mertensdewilmars.be\/index.php\/wp-json\/wp\/v2\/pages"}],"about":[{"href":"https:\/\/mertensdewilmars.be\/index.php\/wp-json\/wp\/v2\/types\/page"}],"author":[{"embeddable":true,"href":"https:\/\/mertensdewilmars.be\/index.php\/wp-json\/wp\/v2\/users\/2"}],"replies":[{"embeddable":true,"href":"https:\/\/mertensdewilmars.be\/index.php\/wp-json\/wp\/v2\/comments?post=4192"}],"version-history":[{"count":3,"href":"https:\/\/mertensdewilmars.be\/index.php\/wp-json\/wp\/v2\/pages\/4192\/revisions"}],"predecessor-version":[{"id":4739,"href":"https:\/\/mertensdewilmars.be\/index.php\/wp-json\/wp\/v2\/pages\/4192\/revisions\/4739"}],"wp:attachment":[{"href":"https:\/\/mertensdewilmars.be\/index.php\/wp-json\/wp\/v2\/media?parent=4192"}],"curies":[{"name":"wp","href":"https:\/\/api.w.org\/{rel}","templated":true}]}}