{"id":4182,"date":"2019-02-12T15:34:21","date_gmt":"2019-02-12T13:34:21","guid":{"rendered":"http:\/\/mertensdewilmars.be\/chronique\/?page_id=4182"},"modified":"2024-02-17T04:26:08","modified_gmt":"2024-02-17T03:26:08","slug":"armoiries-van-reeth","status":"publish","type":"page","link":"https:\/\/mertensdewilmars.be\/index.php\/armoiries-van-reeth\/","title":{"rendered":"Armoiries Van Reeth"},"content":{"rendered":"\n<p>Au XVIII\u00e8me si\u00e8cle, Michel Fran\u00e7ois Joseph dit Franz Mertens (1771-1840), batelier de son \u00e9tat, \u00e9pouse Marie-Catherine Van Damme (1771-1827) issue d&rsquo;une famille de brasseurs. La m\u00e8re de celle-ci est une van Reeth par laquelle nous remontons la filiation tr\u00e8s loin jusqu&rsquo;\u00e0 Charlemagne (voir la <a href=\"https:\/\/mertensdewilmars.be\/index.php\/2014\/01\/23\/nous-descendons-tous-de-charlemagne\/\" data-type=\"post\" data-id=\"56\">chronique<\/a>).<\/p>\n\n\n\n<p>Les armes des <strong>van Reeth<\/strong> sont \u00ab\u00a0de gueule \u00e0 trois pal d&rsquo;or, au chef d&rsquo;argent\u00a0\u00bb. Elles apparaissent pour la premi\u00e8re fois en 1690 et sont probablement bas\u00e9es sur celles des Berthoud, seigneurs de Malines.<\/p>\n\n\n<div class=\"wp-block-image\">\n<figure class=\"aligncenter\"><img decoding=\"async\" src=\"http:\/\/mertensdewilmars.be\/wp-content\/uploads\/2019\/02\/Reeth.gif\" alt=\"\" class=\"wp-image-4183\"\/><\/figure>\n<\/div>","protected":false},"excerpt":{"rendered":"<p>Au XVIII\u00e8me si\u00e8cle, Michel Fran\u00e7ois Joseph dit Franz Mertens (1771-1840), batelier de son \u00e9tat, \u00e9pouse Marie-Catherine Van Damme (1771-1827) issue d&rsquo;une famille de brasseurs. La m\u00e8re de celle-ci est une van Reeth par laquelle nous remontons la filiation tr\u00e8s loin jusqu&rsquo;\u00e0 Charlemagne (voir la chronique). Les armes des van Reeth sont \u00ab\u00a0de gueule \u00e0 trois &#8230; <a title=\"Armoiries Van Reeth\" class=\"read-more\" href=\"https:\/\/mertensdewilmars.be\/index.php\/armoiries-van-reeth\/\" aria-label=\"En savoir plus sur Armoiries Van Reeth\">Lire la suite<\/a><\/p>\n","protected":false},"author":2,"featured_media":0,"parent":0,"menu_order":0,"comment_status":"closed","ping_status":"closed","template":"","meta":{"footnotes":""},"class_list":["post-4182","page","type-page","status-publish"],"_links":{"self":[{"href":"https:\/\/mertensdewilmars.be\/index.php\/wp-json\/wp\/v2\/pages\/4182","targetHints":{"allow":["GET"]}}],"collection":[{"href":"https:\/\/mertensdewilmars.be\/index.php\/wp-json\/wp\/v2\/pages"}],"about":[{"href":"https:\/\/mertensdewilmars.be\/index.php\/wp-json\/wp\/v2\/types\/page"}],"author":[{"embeddable":true,"href":"https:\/\/mertensdewilmars.be\/index.php\/wp-json\/wp\/v2\/users\/2"}],"replies":[{"embeddable":true,"href":"https:\/\/mertensdewilmars.be\/index.php\/wp-json\/wp\/v2\/comments?post=4182"}],"version-history":[{"count":3,"href":"https:\/\/mertensdewilmars.be\/index.php\/wp-json\/wp\/v2\/pages\/4182\/revisions"}],"predecessor-version":[{"id":4717,"href":"https:\/\/mertensdewilmars.be\/index.php\/wp-json\/wp\/v2\/pages\/4182\/revisions\/4717"}],"wp:attachment":[{"href":"https:\/\/mertensdewilmars.be\/index.php\/wp-json\/wp\/v2\/media?parent=4182"}],"curies":[{"name":"wp","href":"https:\/\/api.w.org\/{rel}","templated":true}]}}