{"id":4175,"date":"2019-02-12T15:31:48","date_gmt":"2019-02-12T13:31:48","guid":{"rendered":"http:\/\/mertensdewilmars.be\/chronique\/?page_id=4175"},"modified":"2024-02-14T08:53:53","modified_gmt":"2024-02-14T07:53:53","slug":"armoiries-wilmars","status":"publish","type":"page","link":"https:\/\/mertensdewilmars.be\/index.php\/armoiries-wilmars\/","title":{"rendered":"Armoiries Wilmars"},"content":{"rendered":"\n<p> Les armes des&nbsp;<em>Wilmaers&nbsp;<\/em>\u00e9taient \u00ab&nbsp;<em>De sable \u00e0 la bande \u00e9chiquet\u00e9e de gueule et d\u2019argent \u00e0 deux tires, accompagn\u00e9es de deux quintefeuilles d\u2019argent<\/em>&nbsp;\u00bb (<em>Nobiliaire des Pays-Bas et du comt\u00e9 de Bourgogne<\/em>, Volume&nbsp;4 par de Vegiano,&nbsp;Jacques S. de Herckenrode, 1868). <\/p>\n\n\n<div class=\"wp-block-image\">\n<figure class=\"aligncenter is-resized\"><img decoding=\"async\" src=\"http:\/\/mertensdewilmars.be\/wp-content\/uploads\/2019\/02\/Wilmars.jpg\" alt=\"\" class=\"wp-image-4176\" style=\"width:233px;height:auto\"\/><\/figure>\n<\/div>\n\n\n<p> Nous trouvons \u00e9galement un dessin inspir\u00e9 des armes Wilmars sur une tableau portrait d&rsquo;Albert Mertens. Ces armoiries ne lui avaient pas \u00e9t\u00e9 octroy\u00e9es. Il s&rsquo;agit juste d&rsquo;une invention d&rsquo;artiste. <\/p>\n\n\n<div class=\"wp-block-image\">\n<figure class=\"alignleft is-resized\"><img decoding=\"async\" src=\"http:\/\/mertensdewilmars.be\/wp-content\/uploads\/2019\/02\/AlbertMarie-Mdw.jpg\" alt=\"\" class=\"wp-image-4177\" style=\"width:414px;height:auto\"\/><\/figure>\n<\/div>\n\n\n<p><\/p>\n\n\n\n<figure class=\"wp-block-image is-resized\"><img decoding=\"async\" src=\"http:\/\/mertensdewilmars.be\/wp-content\/uploads\/2019\/02\/ArmesAlbertMarie-Mdw.jpg\" alt=\"\" class=\"wp-image-4178\" style=\"width:185px;height:208px\"\/><\/figure>\n\n\n\n<p><\/p>\n\n\n\n<p><\/p>\n\n\n\n<p><\/p>\n\n\n\n<p><\/p>\n\n\n\n<p>Dans les archives g\u00e9n\u00e9rales de Simancas (archives du royaume de Castille, tenues de 1540 \u00e0 1844) on d\u00e9couvre que Charles II d&rsquo;Espagne (1661-1700) a octroy\u00e9 \u00e0 titre personnel le titre de chevalier et les armes suivantes \u00e0&nbsp;<em>Denis WILLMAERS, seigneur de Neervelpen (pr\u00e8s de Boutersem): \u00abde sable, \u00e0 la bande eschiquett\u00e9e d&rsquo;argent et de guelles de deux traist, accompagn\u00e9[e] de deux quintefeuilles my-parties d&rsquo;argent et de guelles, perc\u00e9es de sable. \u2502 &#8230; heaume d&rsquo;argent, treill\u00e9 et lisser\u00e9 d&rsquo;or, surmont\u00e9 d&rsquo;un chapeau plat de gueules,&nbsp;d&rsquo;argent, et&nbsp;pour cimier un loup passant de sable, hachemens d&rsquo;argent et de sable.\u00bb (sources: AGS F.1442, 462. Madrid, 3 december 1696).<\/em><\/p>\n\n\n\n<p>En voici une repr\u00e9sentation (dessin de Yves Van Gheem):<\/p>\n\n\n<div class=\"wp-block-image\">\n<figure class=\"aligncenter\"><img decoding=\"async\" src=\"http:\/\/mertensdewilmars.be\/wp-content\/uploads\/2019\/02\/WillmaersDenis.jpg\" alt=\"\" class=\"wp-image-4179\"\/><\/figure>\n<\/div>","protected":false},"excerpt":{"rendered":"<p>Les armes des&nbsp;Wilmaers&nbsp;\u00e9taient \u00ab&nbsp;De sable \u00e0 la bande \u00e9chiquet\u00e9e de gueule et d\u2019argent \u00e0 deux tires, accompagn\u00e9es de deux quintefeuilles d\u2019argent&nbsp;\u00bb (Nobiliaire des Pays-Bas et du comt\u00e9 de Bourgogne, Volume&nbsp;4 par de Vegiano,&nbsp;Jacques S. de Herckenrode, 1868). Nous trouvons \u00e9galement un dessin inspir\u00e9 des armes Wilmars sur une tableau portrait d&rsquo;Albert Mertens. Ces armoiries ne &#8230; <a title=\"Armoiries Wilmars\" class=\"read-more\" href=\"https:\/\/mertensdewilmars.be\/index.php\/armoiries-wilmars\/\" aria-label=\"En savoir plus sur Armoiries Wilmars\">Lire la suite<\/a><\/p>\n","protected":false},"author":2,"featured_media":0,"parent":0,"menu_order":0,"comment_status":"closed","ping_status":"closed","template":"","meta":{"footnotes":""},"class_list":["post-4175","page","type-page","status-publish"],"_links":{"self":[{"href":"https:\/\/mertensdewilmars.be\/index.php\/wp-json\/wp\/v2\/pages\/4175","targetHints":{"allow":["GET"]}}],"collection":[{"href":"https:\/\/mertensdewilmars.be\/index.php\/wp-json\/wp\/v2\/pages"}],"about":[{"href":"https:\/\/mertensdewilmars.be\/index.php\/wp-json\/wp\/v2\/types\/page"}],"author":[{"embeddable":true,"href":"https:\/\/mertensdewilmars.be\/index.php\/wp-json\/wp\/v2\/users\/2"}],"replies":[{"embeddable":true,"href":"https:\/\/mertensdewilmars.be\/index.php\/wp-json\/wp\/v2\/comments?post=4175"}],"version-history":[{"count":1,"href":"https:\/\/mertensdewilmars.be\/index.php\/wp-json\/wp\/v2\/pages\/4175\/revisions"}],"predecessor-version":[{"id":4688,"href":"https:\/\/mertensdewilmars.be\/index.php\/wp-json\/wp\/v2\/pages\/4175\/revisions\/4688"}],"wp:attachment":[{"href":"https:\/\/mertensdewilmars.be\/index.php\/wp-json\/wp\/v2\/media?parent=4175"}],"curies":[{"name":"wp","href":"https:\/\/api.w.org\/{rel}","templated":true}]}}