{"id":4162,"date":"2019-02-12T15:12:31","date_gmt":"2019-02-12T13:12:31","guid":{"rendered":"http:\/\/mertensdewilmars.be\/chronique\/?page_id=4162"},"modified":"2024-02-17T04:02:31","modified_gmt":"2024-02-17T03:02:31","slug":"bref-historique-de-la-famille-mertens-de-wilmars","status":"publish","type":"page","link":"https:\/\/mertensdewilmars.be\/index.php\/bref-historique-de-la-famille-mertens-de-wilmars\/","title":{"rendered":"Bref Historique de la Famille Mertens de Wilmars"},"content":{"rendered":"\n<p>La g\u00e9n\u00e9alogie de la famille Mertens nous permet de remonter jusqu&rsquo;au milieu du XVI<sup>\u00e8me<\/sup> si\u00e8cle du c\u00f4t\u00e9 de Rossem pr\u00e8s de Wolvertem (aujourd&rsquo;hui en Brabant Flamand). Nous y rencontrons un certain <strong>Quirinus Mertens<\/strong> dont le second fils, <strong>Marinus<\/strong>, est repris comme fermier et sera \u00e9chevin de Wolvertem en 1660. Notre famille descend de son second mariage, avec Anne DE BREUCKER en 1638 apr\u00e8s son installation \u00e0 Wolvertem.<\/p>\n\n\n\n<p>Deux enfants de Marinus et Anne nous m\u00e8nent plus loin: Jean (1639-1703) et Pierre I (1642-1723).<\/p>\n\n\n\n<p><strong>Jean <\/strong>\u00e9pouse Jeanne VAN DER WILT et d\u00e9m\u00e9nage vers Londerzeel dont il sera \u00e9chevin. L&rsquo;a\u00een\u00e9 de leurs 6 enfants, Pierre (n\u00e9 vers 1660) \u00e9pouse Jeanne DE COCK ou DE COCQ, issue d&rsquo;une famille de bateliers de Malines. En 1693, ils sont repris dans l&rsquo;<em>Office fiscal du Brabant<\/em>&nbsp;comme vivant avec 3 enfants et 3 domestiques. Une de leur fille, Jeanne-Marie (Ramsdonck 1687) \u00e9pouse Henri DE WIT. Le couple aura une fille, Marie-Claire (Puurs 1712 &#8211; Boom 1777) qui \u00e9pousera son cousin au 4\u00e8me degr\u00e9 <strong>Pierre II <\/strong>MERTENS.<\/p>\n\n\n\n<p><strong>Pierre I<\/strong> MERTENS \u00e9pouse Fran\u00e7oise SCHEERS et s&rsquo;\u00e9tablit \u00e0 Londerzeel. Ils auront 7 enfants. Josse (Judocus, Joos ou Joys &#8211; Londerzeel 1679-Rumst 1746) \u00e9pouse Catherine VERSTREPEN, issue d&rsquo;une importante famille de briquetiers de Rumst. L\u2019ascension sociale de la famille est confirm\u00e9e par plusieurs actes de propri\u00e9t\u00e9s et par l&rsquo;inhumation des \u00e9poux dans l&rsquo;\u00e9glise de Rumst. Josse est batelier et son affaire prosp\u00e8re gr\u00e2ce \u00e0 son alliance avec les briquetiers. <strong>Pierre II<\/strong> (Rumst 1710), leur fils a\u00een\u00e9, \u00e9pouse donc sa cousine avec dispense de consanguinit\u00e9. Il d\u00e9m\u00e9nage vers Boom et rach\u00e8te le bateau de son p\u00e8re. Ils auront 7 enfants dont Jacques (Boom 1741-1774), batelier \u00e9galement, qui \u00e9pouse Jeanne DE PROST.<\/p>\n\n\n\n<p>Le couple MERTENS-DE PROST aura 4 enfants dont <strong>Michel-Fran\u00e7ois<\/strong> (Boom 1771 &#8211; Bruxelles 1840), batelier, qui \u00e9pouse Catherine VAN DAMME. Cette derni\u00e8re est fille d&rsquo;un brasseur, Pierre VAN DAMME et c&rsquo;est sans doute par l\u00e0 que viennent les g\u00e9n\u00e9rations de brasseurs qui vont suivre. C&rsquo;est \u00e9galement via les VAN DAMME que l&rsquo;on peut remonter la g\u00e9n\u00e9alogie vers les VAN REETH (voir\u00a0<a href=\"https:\/\/mertensdewilmars.be\/index.php\/2014\/01\/23\/nous-descendons-tous-de-charlemagne\/\" data-type=\"post\" data-id=\"56\">Nous descendons tous de Charlemagne<\/a>).<\/p>\n\n\n\n<p><strong>Pierre III<\/strong> MERTENS (Boom 28 Prairial an IV &#8211; 1852) est le premier fils de cette union. Il apprend sans doute le m\u00e9tier de brasseur de son grand-p\u00e8re maternel mais ne reprend pas la brasserie familiale qui continuera a \u00eatre exploit\u00e9e sous le nom VAN DAMME jusqu&rsquo;\u00e0 la fin du XIX\u00e8me si\u00e8cle. Il fonde un brasserie \u00e0 Boom. Il \u00e9pouse en premi\u00e8re noce Marie-Doroth\u00e9e MEREMANS (1797-1834) et en seconde noce Sophie van REETH (1799-1887 &#8211; \u00e9galement descendante des van REETH rencontr\u00e9s plus haut, grande famille de briquetiers de Boom). Par cette alliance, Pierre III est \u00e9lu au conseil communal de Boom de 1840 \u00e0 1845.<\/p>\n\n\n\n<p>Le couple MERTENS-MEREMANS eut 7 enfants dont l&rsquo;a\u00een\u00e9 se pr\u00e9nommait Fran\u00e7ois-Charles (Boom 1825-Kruibeke 1901). D\u00e8s ses quinze ans, Fran\u00e7ois-Charles est associ\u00e9 \u00e0 l&rsquo;exploitation de la brasserie mais sa volont\u00e9 de moderniser celle-ci le fait entrer en conflit avec son p\u00e8re. En 1848, il quitte Boom et rach\u00e8te une petite brasserie&nbsp;\u00ab\u00a0De Sonne\u00a0\u00bb&nbsp;(le soleil) \u00e0 Kruibeke. La brasserie de Boom sera exploit\u00e9e par Henri-Melchior, jeune fr\u00e8re c\u00e9libataire de Fran\u00e7ois-Charles, au d\u00e9c\u00e8s de son p\u00e8re en 1852, puis, \u00e0 sa mort en 1865, par ses s\u0153urs Rosalie et Pauline.<\/p>\n\n\n\n<p><strong>Fran\u00e7ois-Charles<\/strong> MERTENS \u00e9pouse en 1848 Ida VAN GOETHEM dont il eut 5 enfants. Fran\u00e7ois-Charles, notamment \u00e0 la lecture des d\u00e9couvertes de Pasteur, modernise la brasserie et fonde puis pr\u00e9side jusqu&rsquo;\u00e0 sa mort en 1901 le Cercle Intime des Brasseurs. Ce cercle sera notamment \u00e0 l&rsquo;initiative de l\u2019\u00c9cole sup\u00e9rieure de brasserie rattach\u00e9e \u00e0 la Facult\u00e9 des sciences agronomiques de l&rsquo;Universit\u00e9 de Louvain.<\/p>\n\n\n\n<p>D&rsquo;un autre c\u00f4t\u00e9, Fran\u00e7ois-Charles entame une carri\u00e8re politique: en 1855, il devient bourgmestre de Kruibeke et le restera jusqu&rsquo;en 1872. Il si\u00e8ge ensuite au Conseil Provincial jusqu&rsquo;\u00e0 sa mort en 1801.<\/p>\n\n\n\n<p>Son fils a\u00een\u00e9, <strong>Henri <\/strong>MERTENS (Kruibeke 1851 &#8211; 1920) qui \u00e9pouse Marie-Jos\u00e8phe ERIX (Puurs 1851 &#8211; Kruibeke 1926), tout en continuant \u00e0 faire prosp\u00e9rer la brasserie familiale, se lance \u00e9galement dans la politique: il est \u00e9lu conseill\u00e9 communal en 1890, \u00e9chevin en 1891 et bourgmestre de 1894 \u00e0 sa mort. Il est \u00e9galement \u00e9lu s\u00e9nateur en 1900 pour l&rsquo;arrondissement Dendermonde-Sint Niklaas et sera r\u00e9guli\u00e8rement r\u00e9\u00e9lu par la suite. On lui doit la premi\u00e8re intervention au S\u00e9nat en n\u00e9erlandais.<\/p>\n\n\n\n<p>Le couple MERTENS-ERIX aura 14 enfants: Maria, Ida, Adolphe, Albert, Mathilde, Alice, Charles, Joseph, H\u00e9l\u00e8ne, Victor, Eug\u00e8ne, Marguerite, Marie-Henriette et Antoine. Adolphe d\u00e9c\u00e8de en 1911 et Joseph meurt en bas \u00e2ge (4 ans). Charles meurt au champ d&rsquo;honneur en 1918. Le nom MERTENS de WILMARS est attribu\u00e9 par arr\u00eat\u00e9 royal du 1 janvier 1950 aux fils d&rsquo;Albert (d\u00e9c\u00e9d\u00e9 en 1942). Et ensuite accord\u00e9 par arr\u00eat\u00e9 du 1 avril 1952 aux trois fils survivants du couple MERTENS-ERIX (Victor, Eug\u00e8ne et Antoine) et \u00e0 leur descendance.<\/p>\n","protected":false},"excerpt":{"rendered":"<p>La g\u00e9n\u00e9alogie de la famille Mertens nous permet de remonter jusqu&rsquo;au milieu du XVI\u00e8me si\u00e8cle du c\u00f4t\u00e9 de Rossem pr\u00e8s de Wolvertem (aujourd&rsquo;hui en Brabant Flamand). Nous y rencontrons un certain Quirinus Mertens dont le second fils, Marinus, est repris comme fermier et sera \u00e9chevin de Wolvertem en 1660. Notre famille descend de son second &#8230; <a title=\"Bref Historique de la Famille Mertens de Wilmars\" class=\"read-more\" href=\"https:\/\/mertensdewilmars.be\/index.php\/bref-historique-de-la-famille-mertens-de-wilmars\/\" aria-label=\"En savoir plus sur Bref Historique de la Famille Mertens de Wilmars\">Lire la suite<\/a><\/p>\n","protected":false},"author":2,"featured_media":0,"parent":0,"menu_order":0,"comment_status":"closed","ping_status":"closed","template":"","meta":{"footnotes":""},"class_list":["post-4162","page","type-page","status-publish"],"_links":{"self":[{"href":"https:\/\/mertensdewilmars.be\/index.php\/wp-json\/wp\/v2\/pages\/4162","targetHints":{"allow":["GET"]}}],"collection":[{"href":"https:\/\/mertensdewilmars.be\/index.php\/wp-json\/wp\/v2\/pages"}],"about":[{"href":"https:\/\/mertensdewilmars.be\/index.php\/wp-json\/wp\/v2\/types\/page"}],"author":[{"embeddable":true,"href":"https:\/\/mertensdewilmars.be\/index.php\/wp-json\/wp\/v2\/users\/2"}],"replies":[{"embeddable":true,"href":"https:\/\/mertensdewilmars.be\/index.php\/wp-json\/wp\/v2\/comments?post=4162"}],"version-history":[{"count":2,"href":"https:\/\/mertensdewilmars.be\/index.php\/wp-json\/wp\/v2\/pages\/4162\/revisions"}],"predecessor-version":[{"id":4776,"href":"https:\/\/mertensdewilmars.be\/index.php\/wp-json\/wp\/v2\/pages\/4162\/revisions\/4776"}],"wp:attachment":[{"href":"https:\/\/mertensdewilmars.be\/index.php\/wp-json\/wp\/v2\/media?parent=4162"}],"curies":[{"name":"wp","href":"https:\/\/api.w.org\/{rel}","templated":true}]}}